{"id":63,"date":"2024-02-06T14:41:17","date_gmt":"2024-02-06T14:41:17","guid":{"rendered":"http:\/\/montreal.local\/?page_id=63"},"modified":"2024-07-05T20:40:39","modified_gmt":"2024-07-05T20:40:39","slug":"casas","status":"publish","type":"page","link":"https:\/\/montrealcondominio.com.br\/montreal\/regina\/casas\/","title":{"rendered":"Casas"},"content":{"rendered":"\t\t<div data-elementor-type=\"wp-page\" data-elementor-id=\"63\" class=\"elementor elementor-63\" data-elementor-post-type=\"page\">\n\t\t\t\t<div class=\"elementor-element elementor-element-0babaf8 e-flex e-con-boxed e-con e-parent\" data-id=\"0babaf8\" data-element_type=\"container\" data-e-type=\"container\">\n\t\t\t\t\t<div class=\"e-con-inner\">\n\t\t<div class=\"elementor-element elementor-element-edfe527 e-con-full e-flex e-con e-child\" data-id=\"edfe527\" data-element_type=\"container\" data-e-type=\"container\">\n\t\t\t\t<div class=\"elementor-element elementor-element-4d712b5 elementor-widget__width-initial elementor-widget elementor-widget-image\" data-id=\"4d712b5\" data-element_type=\"widget\" data-e-type=\"widget\" data-widget_type=\"image.default\">\n\t\t\t\t<div class=\"elementor-widget-container\">\n\t\t\t\t\t\t\t\t\t\t\t\t\t\t\t<img fetchpriority=\"high\" decoding=\"async\" width=\"300\" height=\"300\" src=\"https:\/\/montrealcondominio.com.br\/montreal\/wp-content\/uploads\/2024\/02\/LOGO-VETORIZACAO-300x300.png\" class=\"attachment-medium size-medium wp-image-172\" alt=\"\" srcset=\"https:\/\/montrealcondominio.com.br\/montreal\/wp-content\/uploads\/2024\/02\/LOGO-VETORIZACAO-300x300.png 300w, https:\/\/montrealcondominio.com.br\/montreal\/wp-content\/uploads\/2024\/02\/LOGO-VETORIZACAO-1024x1024.png 1024w, https:\/\/montrealcondominio.com.br\/montreal\/wp-content\/uploads\/2024\/02\/LOGO-VETORIZACAO-150x150.png 150w, https:\/\/montrealcondominio.com.br\/montreal\/wp-content\/uploads\/2024\/02\/LOGO-VETORIZACAO-768x768.png 768w, https:\/\/montrealcondominio.com.br\/montreal\/wp-content\/uploads\/2024\/02\/LOGO-VETORIZACAO-1536x1536.png 1536w, https:\/\/montrealcondominio.com.br\/montreal\/wp-content\/uploads\/2024\/02\/LOGO-VETORIZACAO-2048x2048.png 2048w, https:\/\/montrealcondominio.com.br\/montreal\/wp-content\/uploads\/2024\/02\/elementor\/thumbs\/LOGO-VETORIZACAO-qjfg16nkysod21yydc42hgrwpy0dngpd186tmofhg4.png 450w\" sizes=\"(max-width: 300px) 100vw, 300px\" \/>\t\t\t\t\t\t\t\t\t\t\t\t\t\t\t<\/div>\n\t\t\t\t<\/div>\n\t\t\t\t<\/div>\n\t\t<div class=\"elementor-element elementor-element-66789b8 e-con-full e-flex e-con e-child\" data-id=\"66789b8\" data-element_type=\"container\" data-e-type=\"container\">\n\t\t\t\t<div class=\"elementor-element elementor-element-483070c elementor-widget elementor-widget-ekit-nav-menu\" data-id=\"483070c\" data-element_type=\"widget\" data-e-type=\"widget\" data-widget_type=\"ekit-nav-menu.default\">\n\t\t\t\t<div class=\"elementor-widget-container\">\n\t\t\t\t\t\t\t<nav class=\"ekit-wid-con ekit_menu_responsive_tablet\"\n\t\t\tdata-hamburger-icon=\"\"\n\t\t\tdata-hamburger-icon-type=\"icon\"\n\t\t\tdata-responsive-breakpoint=\"1024\">\n\t\t\t            <button class=\"elementskit-menu-hamburger elementskit-menu-toggler\"  type=\"button\" aria-label=\"hamburger-icon\">\n                                    <span class=\"elementskit-menu-hamburger-icon\"><\/span><span class=\"elementskit-menu-hamburger-icon\"><\/span><span class=\"elementskit-menu-hamburger-icon\"><\/span>\n                            <\/button>\n            <div id=\"ekit-megamenu-menu\" class=\"elementskit-menu-container elementskit-menu-offcanvas-elements elementskit-navbar-nav-default ekit-nav-menu-one-page-no ekit-nav-dropdown-hover\"><ul id=\"menu-menu\" class=\"elementskit-navbar-nav elementskit-menu-po-center submenu-click-on-icon\"><li id=\"menu-item-268\" class=\"menu-item menu-item-type-post_type menu-item-object-page menu-item-home menu-item-268 nav-item elementskit-mobile-builder-content\" data-vertical-menu=750px><a href=\"https:\/\/montrealcondominio.com.br\/montreal\/\" class=\"ekit-menu-nav-link\">In\u00edcio<\/a><\/li>\n<li id=\"menu-item-78\" class=\"menu-item menu-item-type-post_type menu-item-object-page menu-item-78 nav-item elementskit-mobile-builder-content\" data-vertical-menu=750px><a href=\"https:\/\/montrealcondominio.com.br\/montreal\/condominio\/\" class=\"ekit-menu-nav-link\">Condom\u00ednio<\/a><\/li>\n<li id=\"menu-item-483\" class=\"menu-item menu-item-type-post_type menu-item-object-page menu-item-483 nav-item elementskit-mobile-builder-content\" data-vertical-menu=750px><a href=\"https:\/\/montrealcondominio.com.br\/montreal\/tour-virtual\/\" class=\"ekit-menu-nav-link\">Tour Virtual<\/a><\/li>\n<li id=\"menu-item-519\" class=\"menu-item menu-item-type-custom menu-item-object-custom menu-item-519 nav-item elementskit-mobile-builder-content\" data-vertical-menu=750px><a href=\"https:\/\/masterplan-montreal-rraq.onrender.com\/\" class=\"ekit-menu-nav-link\">Escolha seu Lote<\/a><\/li>\n<li id=\"menu-item-77\" class=\"menu-item menu-item-type-post_type menu-item-object-page menu-item-has-children menu-item-77 nav-item elementskit-dropdown-has relative_position elementskit-dropdown-menu-default_width elementskit-mobile-builder-content\" data-vertical-menu=750px><a href=\"https:\/\/montrealcondominio.com.br\/montreal\/regina\/casas\/\" class=\"ekit-menu-nav-link ekit-menu-dropdown-toggle\">Casas<i aria-hidden=\"true\" class=\"icon icon-down-arrow1 elementskit-submenu-indicator\"><\/i><\/a>\n<ul class=\"elementskit-dropdown elementskit-submenu-panel\">\n\t<li id=\"menu-item-137\" class=\"menu-item menu-item-type-post_type menu-item-object-page menu-item-137 nav-item elementskit-mobile-builder-content\" data-vertical-menu=750px><a href=\"https:\/\/montrealcondominio.com.br\/montreal\/regina\/\" class=\" dropdown-item\">Regina<\/a>\t<li id=\"menu-item-139\" class=\"menu-item menu-item-type-post_type menu-item-object-page menu-item-139 nav-item elementskit-mobile-builder-content\" data-vertical-menu=750px><a href=\"https:\/\/montrealcondominio.com.br\/montreal\/hamilton\/\" class=\" dropdown-item\">Hamilton<\/a>\t<li id=\"menu-item-136\" class=\"menu-item menu-item-type-post_type menu-item-object-page menu-item-136 nav-item elementskit-mobile-builder-content\" data-vertical-menu=750px><a href=\"https:\/\/montrealcondominio.com.br\/montreal\/vancouver\/\" class=\" dropdown-item\">Vancouver<\/a>\t<li id=\"menu-item-138\" class=\"menu-item menu-item-type-post_type menu-item-object-page menu-item-138 nav-item elementskit-mobile-builder-content\" data-vertical-menu=750px><a href=\"https:\/\/montrealcondominio.com.br\/montreal\/kingston\/\" class=\" dropdown-item\">Kingston<\/a>\t<li id=\"menu-item-399\" class=\"menu-item menu-item-type-post_type menu-item-object-page menu-item-399 nav-item elementskit-mobile-builder-content\" data-vertical-menu=750px><a href=\"https:\/\/montrealcondominio.com.br\/montreal\/banff\/\" class=\" dropdown-item\">Banff<\/a><\/ul>\n<\/li>\n<li id=\"menu-item-195\" class=\"menu-item menu-item-type-custom menu-item-object-custom menu-item-195 nav-item elementskit-mobile-builder-content\" data-vertical-menu=750px><a href=\"http:\/\/intranet.solinvestimentos.com:9898\/reservas\/\" class=\"ekit-menu-nav-link\">\u00c1rea do Corretor<\/a><\/li>\n<li id=\"menu-item-81\" class=\"menu-item menu-item-type-post_type menu-item-object-page menu-item-81 nav-item elementskit-mobile-builder-content\" data-vertical-menu=750px><a href=\"https:\/\/montrealcondominio.com.br\/montreal\/contato\/\" class=\"ekit-menu-nav-link\">Contato<\/a><\/li>\n<\/ul><div class=\"elementskit-nav-identity-panel\"><button class=\"elementskit-menu-close elementskit-menu-toggler\" type=\"button\">X<\/button><\/div><\/div>\n\t\t\t<div class=\"elementskit-menu-overlay elementskit-menu-offcanvas-elements elementskit-menu-toggler ekit-nav-menu--overlay\"><\/div>        <\/nav>\n\t\t\t\t\t\t<\/div>\n\t\t\t\t<\/div>\n\t\t\t\t<\/div>\n\t\t\t\t\t<\/div>\n\t\t\t\t<\/div>\n\t\t<div class=\"elementor-element elementor-element-1aa58a6 e-flex e-con-boxed e-con e-parent\" data-id=\"1aa58a6\" data-element_type=\"container\" data-e-type=\"container\">\n\t\t\t\t\t<div class=\"e-con-inner\">\n\t\t\t\t<div class=\"elementor-element elementor-element-2933130 elementor-widget elementor-widget-heading\" data-id=\"2933130\" data-element_type=\"widget\" data-e-type=\"widget\" data-widget_type=\"heading.default\">\n\t\t\t\t<div class=\"elementor-widget-container\">\n\t\t\t\t\t<h1 class=\"elementor-heading-title elementor-size-default\">Casas - Montreal Condom\u00ednio Clube<\/h1>\t\t\t\t<\/div>\n\t\t\t\t<\/div>\n\t\t\t\t\t<\/div>\n\t\t\t\t<\/div>\n\t\t<div class=\"elementor-element elementor-element-d48ff20 e-flex e-con-boxed e-con e-parent\" data-id=\"d48ff20\" data-element_type=\"container\" data-e-type=\"container\">\n\t\t\t\t\t<div class=\"e-con-inner\">\n\t\t\t\t<div class=\"elementor-element elementor-element-962d2ef elementor-grid-3 elementor-grid-tablet-2 elementor-grid-mobile-1 elementor-widget elementor-widget-portfolio\" data-id=\"962d2ef\" data-element_type=\"widget\" data-e-type=\"widget\" data-settings=\"{&quot;row_gap&quot;:{&quot;unit&quot;:&quot;px&quot;,&quot;size&quot;:24,&quot;sizes&quot;:[]},&quot;_animation&quot;:&quot;none&quot;,&quot;columns&quot;:&quot;3&quot;,&quot;columns_tablet&quot;:&quot;2&quot;,&quot;columns_mobile&quot;:&quot;1&quot;,&quot;item_ratio&quot;:{&quot;unit&quot;:&quot;px&quot;,&quot;size&quot;:0.66000000000000003108624468950438313186168670654296875,&quot;sizes&quot;:[]},&quot;item_gap&quot;:{&quot;unit&quot;:&quot;px&quot;,&quot;size&quot;:&quot;&quot;,&quot;sizes&quot;:[]}}\" data-widget_type=\"portfolio.default\">\n\t\t\t\t<div class=\"elementor-widget-container\">\n\t\t\t\t\t\t\t<div class=\"elementor-portfolio elementor-grid elementor-posts-container\">\n\t\t\t\t<article class=\"elementor-portfolio-item elementor-post  post-296 post type-post status-publish format-standard has-post-thumbnail hentry category-uncategorized\">\n\t\t\t<a class=\"elementor-post__thumbnail__link\" href=\"https:\/\/montrealcondominio.com.br\/montreal\/condominio\/\">\n\t\t\t\t<div class=\"elementor-portfolio-item__img elementor-post__thumbnail\">\n\t\t\t<img decoding=\"async\" width=\"1280\" height=\"720\" src=\"https:\/\/montrealcondominio.com.br\/montreal\/wp-content\/uploads\/2024\/02\/IMG-20191203-WA0039.jpg\" class=\"attachment-full size-full wp-image-292\" alt=\"\" srcset=\"https:\/\/montrealcondominio.com.br\/montreal\/wp-content\/uploads\/2024\/02\/IMG-20191203-WA0039.jpg 1280w, https:\/\/montrealcondominio.com.br\/montreal\/wp-content\/uploads\/2024\/02\/IMG-20191203-WA0039-300x169.jpg 300w, https:\/\/montrealcondominio.com.br\/montreal\/wp-content\/uploads\/2024\/02\/IMG-20191203-WA0039-1024x576.jpg 1024w, https:\/\/montrealcondominio.com.br\/montreal\/wp-content\/uploads\/2024\/02\/IMG-20191203-WA0039-768x432.jpg 768w\" sizes=\"(max-width: 1280px) 100vw, 1280px\" \/>\t\t<\/div>\n\t\t\t\t<div class=\"elementor-portfolio-item__overlay\">\n\t\t\t\t<h3 class=\"elementor-portfolio-item__title\">\n\t\tCondom\u00ednio\t\t<\/h3>\n\t\t\t\t<\/div>\n\t\t\t\t<\/a>\n\t\t<\/article>\n\t\t\t\t<article class=\"elementor-portfolio-item elementor-post  post-298 post type-post status-publish format-standard has-post-thumbnail hentry category-uncategorized\">\n\t\t\t<a class=\"elementor-post__thumbnail__link\" href=\"https:\/\/montrealcondominio.com.br\/montreal\/vancouver\/\">\n\t\t\t\t<div class=\"elementor-portfolio-item__img elementor-post__thumbnail\">\n\t\t\t<img decoding=\"async\" width=\"584\" height=\"438\" src=\"https:\/\/montrealcondominio.com.br\/montreal\/wp-content\/uploads\/2024\/02\/vancouver.jpg\" class=\"attachment-full size-full wp-image-299\" alt=\"\" srcset=\"https:\/\/montrealcondominio.com.br\/montreal\/wp-content\/uploads\/2024\/02\/vancouver.jpg 584w, https:\/\/montrealcondominio.com.br\/montreal\/wp-content\/uploads\/2024\/02\/vancouver-300x225.jpg 300w\" sizes=\"(max-width: 584px) 100vw, 584px\" \/>\t\t<\/div>\n\t\t\t\t<div class=\"elementor-portfolio-item__overlay\">\n\t\t\t\t<h3 class=\"elementor-portfolio-item__title\">\n\t\tVANCOUVER\t\t<\/h3>\n\t\t\t\t<\/div>\n\t\t\t\t<\/a>\n\t\t<\/article>\n\t\t\t\t<article class=\"elementor-portfolio-item elementor-post  post-301 post type-post status-publish format-standard has-post-thumbnail hentry category-uncategorized\">\n\t\t\t<a class=\"elementor-post__thumbnail__link\" href=\"https:\/\/montrealcondominio.com.br\/montreal\/regina\/\">\n\t\t\t\t<div class=\"elementor-portfolio-item__img elementor-post__thumbnail\">\n\t\t\t<img loading=\"lazy\" decoding=\"async\" width=\"584\" height=\"438\" src=\"https:\/\/montrealcondominio.com.br\/montreal\/wp-content\/uploads\/2024\/02\/regina.jpg\" class=\"attachment-full size-full wp-image-302\" alt=\"\" srcset=\"https:\/\/montrealcondominio.com.br\/montreal\/wp-content\/uploads\/2024\/02\/regina.jpg 584w, https:\/\/montrealcondominio.com.br\/montreal\/wp-content\/uploads\/2024\/02\/regina-300x225.jpg 300w\" sizes=\"(max-width: 584px) 100vw, 584px\" \/>\t\t<\/div>\n\t\t\t\t<div class=\"elementor-portfolio-item__overlay\">\n\t\t\t\t<h3 class=\"elementor-portfolio-item__title\">\n\t\tREGINA\t\t<\/h3>\n\t\t\t\t<\/div>\n\t\t\t\t<\/a>\n\t\t<\/article>\n\t\t\t\t<article class=\"elementor-portfolio-item elementor-post  post-304 post type-post status-publish format-standard has-post-thumbnail hentry category-uncategorized\">\n\t\t\t<a class=\"elementor-post__thumbnail__link\" href=\"https:\/\/montrealcondominio.com.br\/montreal\/banff\/\">\n\t\t\t\t<div class=\"elementor-portfolio-item__img elementor-post__thumbnail\">\n\t\t\t<img loading=\"lazy\" decoding=\"async\" width=\"584\" height=\"438\" src=\"https:\/\/montrealcondominio.com.br\/montreal\/wp-content\/uploads\/2024\/02\/banff.jpg\" class=\"attachment-full size-full wp-image-305\" alt=\"\" srcset=\"https:\/\/montrealcondominio.com.br\/montreal\/wp-content\/uploads\/2024\/02\/banff.jpg 584w, https:\/\/montrealcondominio.com.br\/montreal\/wp-content\/uploads\/2024\/02\/banff-300x225.jpg 300w\" sizes=\"(max-width: 584px) 100vw, 584px\" \/>\t\t<\/div>\n\t\t\t\t<div class=\"elementor-portfolio-item__overlay\">\n\t\t\t\t<h3 class=\"elementor-portfolio-item__title\">\n\t\tBANFF\t\t<\/h3>\n\t\t\t\t<\/div>\n\t\t\t\t<\/a>\n\t\t<\/article>\n\t\t\t\t<article class=\"elementor-portfolio-item elementor-post  post-307 post type-post status-publish format-standard has-post-thumbnail hentry category-uncategorized\">\n\t\t\t<a class=\"elementor-post__thumbnail__link\" href=\"https:\/\/montrealcondominio.com.br\/montreal\/kingston\/\">\n\t\t\t\t<div class=\"elementor-portfolio-item__img elementor-post__thumbnail\">\n\t\t\t<img loading=\"lazy\" decoding=\"async\" width=\"584\" height=\"438\" src=\"https:\/\/montrealcondominio.com.br\/montreal\/wp-content\/uploads\/2024\/02\/kingston.jpg\" class=\"attachment-full size-full wp-image-308\" alt=\"\" srcset=\"https:\/\/montrealcondominio.com.br\/montreal\/wp-content\/uploads\/2024\/02\/kingston.jpg 584w, https:\/\/montrealcondominio.com.br\/montreal\/wp-content\/uploads\/2024\/02\/kingston-300x225.jpg 300w\" sizes=\"(max-width: 584px) 100vw, 584px\" \/>\t\t<\/div>\n\t\t\t\t<div class=\"elementor-portfolio-item__overlay\">\n\t\t\t\t<h3 class=\"elementor-portfolio-item__title\">\n\t\tKINGSTON\t\t<\/h3>\n\t\t\t\t<\/div>\n\t\t\t\t<\/a>\n\t\t<\/article>\n\t\t\t\t<article class=\"elementor-portfolio-item elementor-post  post-310 post type-post status-publish format-standard has-post-thumbnail hentry category-uncategorized\">\n\t\t\t<a class=\"elementor-post__thumbnail__link\" href=\"https:\/\/montrealcondominio.com.br\/montreal\/hamilton\/\">\n\t\t\t\t<div class=\"elementor-portfolio-item__img elementor-post__thumbnail\">\n\t\t\t<img loading=\"lazy\" decoding=\"async\" width=\"584\" height=\"438\" src=\"https:\/\/montrealcondominio.com.br\/montreal\/wp-content\/uploads\/2024\/02\/Hamilton.jpg\" class=\"attachment-full size-full wp-image-311\" alt=\"\" srcset=\"https:\/\/montrealcondominio.com.br\/montreal\/wp-content\/uploads\/2024\/02\/Hamilton.jpg 584w, https:\/\/montrealcondominio.com.br\/montreal\/wp-content\/uploads\/2024\/02\/Hamilton-300x225.jpg 300w\" sizes=\"(max-width: 584px) 100vw, 584px\" \/>\t\t<\/div>\n\t\t\t\t<div class=\"elementor-portfolio-item__overlay\">\n\t\t\t\t<h3 class=\"elementor-portfolio-item__title\">\n\t\tHAMILTON\t\t<\/h3>\n\t\t\t\t<\/div>\n\t\t\t\t<\/a>\n\t\t<\/article>\n\t\t\t\t<\/div>\n\t\t\t\t\t\t<\/div>\n\t\t\t\t<\/div>\n\t\t\t\t\t<\/div>\n\t\t\t\t<\/div>\n\t\t\t\t<\/div>\n\t\t","protected":false},"excerpt":{"rendered":"<p>In\u00edcio Condom\u00ednio Tour Virtual Escolha seu Lote Casas Regina Hamilton Vancouver Kingston Banff \u00c1rea do Corretor Contato X Casas &#8211; Montreal Condom\u00ednio Clube<\/p>\n","protected":false},"author":1,"featured_media":0,"parent":132,"menu_order":0,"comment_status":"closed","ping_status":"closed","template":"elementor_canvas","meta":{"content-type":"","footnotes":""},"class_list":["post-63","page","type-page","status-publish","hentry"],"_links":{"self":[{"href":"https:\/\/montrealcondominio.com.br\/montreal\/wp-json\/wp\/v2\/pages\/63","targetHints":{"allow":["GET"]}}],"collection":[{"href":"https:\/\/montrealcondominio.com.br\/montreal\/wp-json\/wp\/v2\/pages"}],"about":[{"href":"https:\/\/montrealcondominio.com.br\/montreal\/wp-json\/wp\/v2\/types\/page"}],"author":[{"embeddable":true,"href":"https:\/\/montrealcondominio.com.br\/montreal\/wp-json\/wp\/v2\/users\/1"}],"replies":[{"embeddable":true,"href":"https:\/\/montrealcondominio.com.br\/montreal\/wp-json\/wp\/v2\/comments?post=63"}],"version-history":[{"count":10,"href":"https:\/\/montrealcondominio.com.br\/montreal\/wp-json\/wp\/v2\/pages\/63\/revisions"}],"predecessor-version":[{"id":574,"href":"https:\/\/montrealcondominio.com.br\/montreal\/wp-json\/wp\/v2\/pages\/63\/revisions\/574"}],"up":[{"embeddable":true,"href":"https:\/\/montrealcondominio.com.br\/montreal\/wp-json\/wp\/v2\/pages\/132"}],"wp:attachment":[{"href":"https:\/\/montrealcondominio.com.br\/montreal\/wp-json\/wp\/v2\/media?parent=63"}],"curies":[{"name":"wp","href":"https:\/\/api.w.org\/{rel}","templated":true}]}}