{"id":481,"date":"2024-03-12T13:46:53","date_gmt":"2024-03-12T13:46:53","guid":{"rendered":"https:\/\/montrealcondominio.com.br\/local\/?page_id=481"},"modified":"2024-07-05T18:59:26","modified_gmt":"2024-07-05T18:59:26","slug":"tour-virtual","status":"publish","type":"page","link":"https:\/\/montrealcondominio.com.br\/montreal\/tour-virtual\/","title":{"rendered":"Tour Virtual"},"content":{"rendered":"\t\t<div data-elementor-type=\"wp-page\" data-elementor-id=\"481\" class=\"elementor elementor-481\" data-elementor-post-type=\"page\">\n\t\t\t\t<div class=\"elementor-element elementor-element-d9c681e e-flex e-con-boxed e-con e-parent\" data-id=\"d9c681e\" data-element_type=\"container\" data-e-type=\"container\">\n\t\t\t\t\t<div class=\"e-con-inner\">\n\t\t<div class=\"elementor-element elementor-element-5a51551 e-con-full e-flex e-con e-child\" data-id=\"5a51551\" data-element_type=\"container\" data-e-type=\"container\">\n\t\t\t\t<div class=\"elementor-element elementor-element-3c366f7 elementor-widget__width-initial elementor-widget elementor-widget-image\" data-id=\"3c366f7\" data-element_type=\"widget\" data-e-type=\"widget\" data-widget_type=\"image.default\">\n\t\t\t\t<div class=\"elementor-widget-container\">\n\t\t\t\t\t\t\t\t\t\t\t\t\t\t\t<img fetchpriority=\"high\" decoding=\"async\" width=\"300\" height=\"300\" src=\"https:\/\/montrealcondominio.com.br\/montreal\/wp-content\/uploads\/2024\/02\/LOGO-VETORIZACAO-300x300.png\" class=\"attachment-medium size-medium wp-image-172\" alt=\"\" srcset=\"https:\/\/montrealcondominio.com.br\/montreal\/wp-content\/uploads\/2024\/02\/LOGO-VETORIZACAO-300x300.png 300w, https:\/\/montrealcondominio.com.br\/montreal\/wp-content\/uploads\/2024\/02\/LOGO-VETORIZACAO-1024x1024.png 1024w, https:\/\/montrealcondominio.com.br\/montreal\/wp-content\/uploads\/2024\/02\/LOGO-VETORIZACAO-150x150.png 150w, https:\/\/montrealcondominio.com.br\/montreal\/wp-content\/uploads\/2024\/02\/LOGO-VETORIZACAO-768x768.png 768w, https:\/\/montrealcondominio.com.br\/montreal\/wp-content\/uploads\/2024\/02\/LOGO-VETORIZACAO-1536x1536.png 1536w, https:\/\/montrealcondominio.com.br\/montreal\/wp-content\/uploads\/2024\/02\/LOGO-VETORIZACAO-2048x2048.png 2048w, https:\/\/montrealcondominio.com.br\/montreal\/wp-content\/uploads\/2024\/02\/elementor\/thumbs\/LOGO-VETORIZACAO-qjfg16nkysod21yydc42hgrwpy0dngpd186tmofhg4.png 450w\" sizes=\"(max-width: 300px) 100vw, 300px\" \/>\t\t\t\t\t\t\t\t\t\t\t\t\t\t\t<\/div>\n\t\t\t\t<\/div>\n\t\t\t\t<\/div>\n\t\t<div class=\"elementor-element elementor-element-5936c07 e-con-full e-flex e-con e-child\" data-id=\"5936c07\" data-element_type=\"container\" data-e-type=\"container\">\n\t\t\t\t<div class=\"elementor-element elementor-element-eef2531 elementor-widget elementor-widget-ekit-nav-menu\" data-id=\"eef2531\" data-element_type=\"widget\" data-e-type=\"widget\" data-widget_type=\"ekit-nav-menu.default\">\n\t\t\t\t<div class=\"elementor-widget-container\">\n\t\t\t\t\t\t\t<nav class=\"ekit-wid-con ekit_menu_responsive_tablet\"\n\t\t\tdata-hamburger-icon=\"\"\n\t\t\tdata-hamburger-icon-type=\"icon\"\n\t\t\tdata-responsive-breakpoint=\"1024\">\n\t\t\t            <button class=\"elementskit-menu-hamburger elementskit-menu-toggler\"  type=\"button\" aria-label=\"hamburger-icon\">\n                                    <span class=\"elementskit-menu-hamburger-icon\"><\/span><span class=\"elementskit-menu-hamburger-icon\"><\/span><span class=\"elementskit-menu-hamburger-icon\"><\/span>\n                            <\/button>\n            <div id=\"ekit-megamenu-menu\" class=\"elementskit-menu-container elementskit-menu-offcanvas-elements elementskit-navbar-nav-default ekit-nav-menu-one-page-no ekit-nav-dropdown-hover\"><ul id=\"menu-menu\" class=\"elementskit-navbar-nav elementskit-menu-po-center submenu-click-on-icon\"><li id=\"menu-item-268\" class=\"menu-item menu-item-type-post_type menu-item-object-page menu-item-home menu-item-268 nav-item elementskit-mobile-builder-content\" data-vertical-menu=750px><a href=\"https:\/\/montrealcondominio.com.br\/montreal\/\" class=\"ekit-menu-nav-link\">In\u00edcio<\/a><\/li>\n<li id=\"menu-item-78\" class=\"menu-item menu-item-type-post_type menu-item-object-page menu-item-78 nav-item elementskit-mobile-builder-content\" data-vertical-menu=750px><a href=\"https:\/\/montrealcondominio.com.br\/montreal\/condominio\/\" class=\"ekit-menu-nav-link\">Condom\u00ednio<\/a><\/li>\n<li id=\"menu-item-483\" class=\"menu-item menu-item-type-post_type menu-item-object-page menu-item-483 nav-item elementskit-mobile-builder-content\" data-vertical-menu=750px><a href=\"https:\/\/montrealcondominio.com.br\/montreal\/tour-virtual\/\" class=\"ekit-menu-nav-link\">Tour Virtual<\/a><\/li>\n<li id=\"menu-item-519\" class=\"menu-item menu-item-type-custom menu-item-object-custom menu-item-519 nav-item elementskit-mobile-builder-content\" data-vertical-menu=750px><a href=\"https:\/\/masterplan-montreal-rraq.onrender.com\/\" class=\"ekit-menu-nav-link\">Escolha seu Lote<\/a><\/li>\n<li id=\"menu-item-77\" class=\"menu-item menu-item-type-post_type menu-item-object-page menu-item-has-children menu-item-77 nav-item elementskit-dropdown-has relative_position elementskit-dropdown-menu-default_width elementskit-mobile-builder-content\" data-vertical-menu=750px><a href=\"https:\/\/montrealcondominio.com.br\/montreal\/regina\/casas\/\" class=\"ekit-menu-nav-link ekit-menu-dropdown-toggle\">Casas<i aria-hidden=\"true\" class=\"icon icon-down-arrow1 elementskit-submenu-indicator\"><\/i><\/a>\n<ul class=\"elementskit-dropdown elementskit-submenu-panel\">\n\t<li id=\"menu-item-137\" class=\"menu-item menu-item-type-post_type menu-item-object-page menu-item-137 nav-item elementskit-mobile-builder-content\" data-vertical-menu=750px><a href=\"https:\/\/montrealcondominio.com.br\/montreal\/regina\/\" class=\" dropdown-item\">Regina<\/a>\t<li id=\"menu-item-139\" class=\"menu-item menu-item-type-post_type menu-item-object-page menu-item-139 nav-item elementskit-mobile-builder-content\" data-vertical-menu=750px><a href=\"https:\/\/montrealcondominio.com.br\/montreal\/hamilton\/\" class=\" dropdown-item\">Hamilton<\/a>\t<li id=\"menu-item-136\" class=\"menu-item menu-item-type-post_type menu-item-object-page menu-item-136 nav-item elementskit-mobile-builder-content\" data-vertical-menu=750px><a href=\"https:\/\/montrealcondominio.com.br\/montreal\/vancouver\/\" class=\" dropdown-item\">Vancouver<\/a>\t<li id=\"menu-item-138\" class=\"menu-item menu-item-type-post_type menu-item-object-page menu-item-138 nav-item elementskit-mobile-builder-content\" data-vertical-menu=750px><a href=\"https:\/\/montrealcondominio.com.br\/montreal\/kingston\/\" class=\" dropdown-item\">Kingston<\/a>\t<li id=\"menu-item-399\" class=\"menu-item menu-item-type-post_type menu-item-object-page menu-item-399 nav-item elementskit-mobile-builder-content\" data-vertical-menu=750px><a href=\"https:\/\/montrealcondominio.com.br\/montreal\/banff\/\" class=\" dropdown-item\">Banff<\/a><\/ul>\n<\/li>\n<li id=\"menu-item-195\" class=\"menu-item menu-item-type-custom menu-item-object-custom menu-item-195 nav-item elementskit-mobile-builder-content\" data-vertical-menu=750px><a href=\"http:\/\/intranet.solinvestimentos.com:9898\/reservas\/\" class=\"ekit-menu-nav-link\">\u00c1rea do Corretor<\/a><\/li>\n<li id=\"menu-item-81\" class=\"menu-item menu-item-type-post_type menu-item-object-page menu-item-81 nav-item elementskit-mobile-builder-content\" data-vertical-menu=750px><a href=\"https:\/\/montrealcondominio.com.br\/montreal\/contato\/\" class=\"ekit-menu-nav-link\">Contato<\/a><\/li>\n<\/ul><div class=\"elementskit-nav-identity-panel\"><button class=\"elementskit-menu-close elementskit-menu-toggler\" type=\"button\">X<\/button><\/div><\/div>\n\t\t\t<div class=\"elementskit-menu-overlay elementskit-menu-offcanvas-elements elementskit-menu-toggler ekit-nav-menu--overlay\"><\/div>        <\/nav>\n\t\t\t\t\t\t<\/div>\n\t\t\t\t<\/div>\n\t\t\t\t<\/div>\n\t\t\t\t\t<\/div>\n\t\t\t\t<\/div>\n\t\t<div class=\"elementor-element elementor-element-bfeea1e e-flex e-con-boxed e-con e-parent\" data-id=\"bfeea1e\" data-element_type=\"container\" data-e-type=\"container\">\n\t\t\t\t\t<div class=\"e-con-inner\">\n\t\t\t\t<div class=\"elementor-element elementor-element-eb19003 elementor-widget elementor-widget-heading\" data-id=\"eb19003\" data-element_type=\"widget\" data-e-type=\"widget\" data-widget_type=\"heading.default\">\n\t\t\t\t<div class=\"elementor-widget-container\">\n\t\t\t\t\t<h2 class=\"elementor-heading-title elementor-size-default\">Tour Virtual Casas<\/h2>\t\t\t\t<\/div>\n\t\t\t\t<\/div>\n\t\t\t\t\t<\/div>\n\t\t\t\t<\/div>\n\t\t<div class=\"elementor-element elementor-element-0348a53 e-flex e-con-boxed e-con e-parent\" data-id=\"0348a53\" data-element_type=\"container\" data-e-type=\"container\">\n\t\t\t\t\t<div class=\"e-con-inner\">\n\t\t\t\t<div class=\"elementor-element elementor-element-c04e348 elementor-widget elementor-widget-html\" data-id=\"c04e348\" data-element_type=\"widget\" data-e-type=\"widget\" data-widget_type=\"html.default\">\n\t\t\t\t<div class=\"elementor-widget-container\">\n\t\t\t\t\t<iframe style=\"border: 0;\" src=\"https:\/\/montrealcondominio.com.br\/tour\/casas\/\" width=\"80%\" height=\"700px\" frameborder=\"0\"><\/iframe>\t\t\t\t<\/div>\n\t\t\t\t<\/div>\n\t\t\t\t\t<\/div>\n\t\t\t\t<\/div>\n\t\t<div class=\"elementor-element elementor-element-4bb9ce1 e-flex e-con-boxed e-con e-parent\" data-id=\"4bb9ce1\" data-element_type=\"container\" data-e-type=\"container\">\n\t\t\t\t\t<div class=\"e-con-inner\">\n\t\t\t\t<div class=\"elementor-element elementor-element-d766ad8 elementor-widget elementor-widget-heading\" data-id=\"d766ad8\" data-element_type=\"widget\" data-e-type=\"widget\" data-widget_type=\"heading.default\">\n\t\t\t\t<div class=\"elementor-widget-container\">\n\t\t\t\t\t<h2 class=\"elementor-heading-title elementor-size-default\">Tour Virtual Condom\u00ednios<\/h2>\t\t\t\t<\/div>\n\t\t\t\t<\/div>\n\t\t\t\t\t<\/div>\n\t\t\t\t<\/div>\n\t\t<div class=\"elementor-element elementor-element-b6af940 e-flex e-con-boxed e-con e-parent\" data-id=\"b6af940\" data-element_type=\"container\" data-e-type=\"container\">\n\t\t\t\t\t<div class=\"e-con-inner\">\n\t\t\t\t<div class=\"elementor-element elementor-element-050090f elementor-widget elementor-widget-html\" data-id=\"050090f\" data-element_type=\"widget\" data-e-type=\"widget\" data-widget_type=\"html.default\">\n\t\t\t\t<div class=\"elementor-widget-container\">\n\t\t\t\t\t<iframe style=\"border: 0;\" src=\"https:\/\/montrealcondominio.com.br\/tour\/condominio\/\" width=\"80%\" height=\"700px\" frameborder=\"0\"><\/iframe>\t\t\t\t<\/div>\n\t\t\t\t<\/div>\n\t\t\t\t\t<\/div>\n\t\t\t\t<\/div>\n\t\t\t\t<\/div>\n\t\t","protected":false},"excerpt":{"rendered":"<p>In\u00edcio Condom\u00ednio Tour Virtual Escolha seu Lote Casas Regina Hamilton Vancouver Kingston Banff \u00c1rea do Corretor Contato X Tour Virtual Casas Tour Virtual Condom\u00ednios<\/p>\n","protected":false},"author":1,"featured_media":0,"parent":0,"menu_order":0,"comment_status":"closed","ping_status":"closed","template":"elementor_canvas","meta":{"content-type":"","footnotes":""},"class_list":["post-481","page","type-page","status-publish","hentry"],"_links":{"self":[{"href":"https:\/\/montrealcondominio.com.br\/montreal\/wp-json\/wp\/v2\/pages\/481","targetHints":{"allow":["GET"]}}],"collection":[{"href":"https:\/\/montrealcondominio.com.br\/montreal\/wp-json\/wp\/v2\/pages"}],"about":[{"href":"https:\/\/montrealcondominio.com.br\/montreal\/wp-json\/wp\/v2\/types\/page"}],"author":[{"embeddable":true,"href":"https:\/\/montrealcondominio.com.br\/montreal\/wp-json\/wp\/v2\/users\/1"}],"replies":[{"embeddable":true,"href":"https:\/\/montrealcondominio.com.br\/montreal\/wp-json\/wp\/v2\/comments?post=481"}],"version-history":[{"count":10,"href":"https:\/\/montrealcondominio.com.br\/montreal\/wp-json\/wp\/v2\/pages\/481\/revisions"}],"predecessor-version":[{"id":559,"href":"https:\/\/montrealcondominio.com.br\/montreal\/wp-json\/wp\/v2\/pages\/481\/revisions\/559"}],"wp:attachment":[{"href":"https:\/\/montrealcondominio.com.br\/montreal\/wp-json\/wp\/v2\/media?parent=481"}],"curies":[{"name":"wp","href":"https:\/\/api.w.org\/{rel}","templated":true}]}}