{"id":397,"date":"2024-02-20T19:31:21","date_gmt":"2024-02-20T19:31:21","guid":{"rendered":"http:\/\/montreal.local\/?page_id=397"},"modified":"2024-07-26T17:27:18","modified_gmt":"2024-07-26T17:27:18","slug":"banff","status":"publish","type":"page","link":"https:\/\/montrealcondominio.com.br\/montreal\/banff\/","title":{"rendered":"Banff"},"content":{"rendered":"\t\t<div data-elementor-type=\"wp-page\" data-elementor-id=\"397\" class=\"elementor elementor-397\" data-elementor-post-type=\"page\">\n\t\t\t\t<div class=\"elementor-element elementor-element-84d09f4 e-flex e-con-boxed e-con e-parent\" data-id=\"84d09f4\" data-element_type=\"container\" data-e-type=\"container\">\n\t\t\t\t\t<div class=\"e-con-inner\">\n\t\t<div class=\"elementor-element elementor-element-242c778 e-con-full e-flex e-con e-child\" data-id=\"242c778\" data-element_type=\"container\" data-e-type=\"container\">\n\t\t\t\t<div class=\"elementor-element elementor-element-ff99eab elementor-widget__width-initial elementor-widget elementor-widget-image\" data-id=\"ff99eab\" data-element_type=\"widget\" data-e-type=\"widget\" data-widget_type=\"image.default\">\n\t\t\t\t<div class=\"elementor-widget-container\">\n\t\t\t\t\t\t\t\t\t\t\t\t\t\t\t<img fetchpriority=\"high\" decoding=\"async\" width=\"300\" height=\"300\" src=\"https:\/\/montrealcondominio.com.br\/montreal\/wp-content\/uploads\/2024\/02\/LOGO-VETORIZACAO-300x300.png\" class=\"attachment-medium size-medium wp-image-172\" alt=\"\" srcset=\"https:\/\/montrealcondominio.com.br\/montreal\/wp-content\/uploads\/2024\/02\/LOGO-VETORIZACAO-300x300.png 300w, https:\/\/montrealcondominio.com.br\/montreal\/wp-content\/uploads\/2024\/02\/LOGO-VETORIZACAO-1024x1024.png 1024w, https:\/\/montrealcondominio.com.br\/montreal\/wp-content\/uploads\/2024\/02\/LOGO-VETORIZACAO-150x150.png 150w, https:\/\/montrealcondominio.com.br\/montreal\/wp-content\/uploads\/2024\/02\/LOGO-VETORIZACAO-768x768.png 768w, https:\/\/montrealcondominio.com.br\/montreal\/wp-content\/uploads\/2024\/02\/LOGO-VETORIZACAO-1536x1536.png 1536w, https:\/\/montrealcondominio.com.br\/montreal\/wp-content\/uploads\/2024\/02\/LOGO-VETORIZACAO-2048x2048.png 2048w, https:\/\/montrealcondominio.com.br\/montreal\/wp-content\/uploads\/2024\/02\/elementor\/thumbs\/LOGO-VETORIZACAO-qjfg16nkysod21yydc42hgrwpy0dngpd186tmofhg4.png 450w\" sizes=\"(max-width: 300px) 100vw, 300px\" \/>\t\t\t\t\t\t\t\t\t\t\t\t\t\t\t<\/div>\n\t\t\t\t<\/div>\n\t\t\t\t<\/div>\n\t\t<div class=\"elementor-element elementor-element-0ec5e1a e-con-full e-flex e-con e-child\" data-id=\"0ec5e1a\" data-element_type=\"container\" data-e-type=\"container\">\n\t\t\t\t<div class=\"elementor-element elementor-element-bce9a29 elementor-widget elementor-widget-ekit-nav-menu\" data-id=\"bce9a29\" data-element_type=\"widget\" data-e-type=\"widget\" data-widget_type=\"ekit-nav-menu.default\">\n\t\t\t\t<div class=\"elementor-widget-container\">\n\t\t\t\t\t\t\t<nav class=\"ekit-wid-con ekit_menu_responsive_tablet\"\n\t\t\tdata-hamburger-icon=\"\"\n\t\t\tdata-hamburger-icon-type=\"icon\"\n\t\t\tdata-responsive-breakpoint=\"1024\">\n\t\t\t            <button class=\"elementskit-menu-hamburger elementskit-menu-toggler\"  type=\"button\" aria-label=\"hamburger-icon\">\n                                    <span class=\"elementskit-menu-hamburger-icon\"><\/span><span class=\"elementskit-menu-hamburger-icon\"><\/span><span class=\"elementskit-menu-hamburger-icon\"><\/span>\n                            <\/button>\n            <div id=\"ekit-megamenu-menu\" class=\"elementskit-menu-container elementskit-menu-offcanvas-elements elementskit-navbar-nav-default ekit-nav-menu-one-page-no ekit-nav-dropdown-hover\"><ul id=\"menu-menu\" class=\"elementskit-navbar-nav elementskit-menu-po-center submenu-click-on-icon\"><li id=\"menu-item-268\" class=\"menu-item menu-item-type-post_type menu-item-object-page menu-item-home menu-item-268 nav-item elementskit-mobile-builder-content\" data-vertical-menu=750px><a href=\"https:\/\/montrealcondominio.com.br\/montreal\/\" class=\"ekit-menu-nav-link\">In\u00edcio<\/a><\/li>\n<li id=\"menu-item-78\" class=\"menu-item menu-item-type-post_type menu-item-object-page menu-item-78 nav-item elementskit-mobile-builder-content\" data-vertical-menu=750px><a href=\"https:\/\/montrealcondominio.com.br\/montreal\/condominio\/\" class=\"ekit-menu-nav-link\">Condom\u00ednio<\/a><\/li>\n<li id=\"menu-item-483\" class=\"menu-item menu-item-type-post_type menu-item-object-page menu-item-483 nav-item elementskit-mobile-builder-content\" data-vertical-menu=750px><a href=\"https:\/\/montrealcondominio.com.br\/montreal\/tour-virtual\/\" class=\"ekit-menu-nav-link\">Tour Virtual<\/a><\/li>\n<li id=\"menu-item-519\" class=\"menu-item menu-item-type-custom menu-item-object-custom menu-item-519 nav-item elementskit-mobile-builder-content\" data-vertical-menu=750px><a href=\"https:\/\/masterplan-montreal-rraq.onrender.com\/\" class=\"ekit-menu-nav-link\">Escolha seu Lote<\/a><\/li>\n<li id=\"menu-item-77\" class=\"menu-item menu-item-type-post_type menu-item-object-page menu-item-has-children menu-item-77 nav-item elementskit-dropdown-has relative_position elementskit-dropdown-menu-default_width elementskit-mobile-builder-content\" data-vertical-menu=750px><a href=\"https:\/\/montrealcondominio.com.br\/montreal\/regina\/casas\/\" class=\"ekit-menu-nav-link ekit-menu-dropdown-toggle\">Casas<i aria-hidden=\"true\" class=\"icon icon-down-arrow1 elementskit-submenu-indicator\"><\/i><\/a>\n<ul class=\"elementskit-dropdown elementskit-submenu-panel\">\n\t<li id=\"menu-item-137\" class=\"menu-item menu-item-type-post_type menu-item-object-page menu-item-137 nav-item elementskit-mobile-builder-content\" data-vertical-menu=750px><a href=\"https:\/\/montrealcondominio.com.br\/montreal\/regina\/\" class=\" dropdown-item\">Regina<\/a>\t<li id=\"menu-item-139\" class=\"menu-item menu-item-type-post_type menu-item-object-page menu-item-139 nav-item elementskit-mobile-builder-content\" data-vertical-menu=750px><a href=\"https:\/\/montrealcondominio.com.br\/montreal\/hamilton\/\" class=\" dropdown-item\">Hamilton<\/a>\t<li id=\"menu-item-136\" class=\"menu-item menu-item-type-post_type menu-item-object-page menu-item-136 nav-item elementskit-mobile-builder-content\" data-vertical-menu=750px><a href=\"https:\/\/montrealcondominio.com.br\/montreal\/vancouver\/\" class=\" dropdown-item\">Vancouver<\/a>\t<li id=\"menu-item-138\" class=\"menu-item menu-item-type-post_type menu-item-object-page menu-item-138 nav-item elementskit-mobile-builder-content\" data-vertical-menu=750px><a href=\"https:\/\/montrealcondominio.com.br\/montreal\/kingston\/\" class=\" dropdown-item\">Kingston<\/a>\t<li id=\"menu-item-399\" class=\"menu-item menu-item-type-post_type menu-item-object-page menu-item-399 nav-item elementskit-mobile-builder-content\" data-vertical-menu=750px><a href=\"https:\/\/montrealcondominio.com.br\/montreal\/banff\/\" class=\" dropdown-item\">Banff<\/a><\/ul>\n<\/li>\n<li id=\"menu-item-195\" class=\"menu-item menu-item-type-custom menu-item-object-custom menu-item-195 nav-item elementskit-mobile-builder-content\" data-vertical-menu=750px><a href=\"http:\/\/intranet.solinvestimentos.com:9898\/reservas\/\" class=\"ekit-menu-nav-link\">\u00c1rea do Corretor<\/a><\/li>\n<li id=\"menu-item-81\" class=\"menu-item menu-item-type-post_type menu-item-object-page menu-item-81 nav-item elementskit-mobile-builder-content\" data-vertical-menu=750px><a href=\"https:\/\/montrealcondominio.com.br\/montreal\/contato\/\" class=\"ekit-menu-nav-link\">Contato<\/a><\/li>\n<\/ul><div class=\"elementskit-nav-identity-panel\"><button class=\"elementskit-menu-close elementskit-menu-toggler\" type=\"button\">X<\/button><\/div><\/div>\n\t\t\t<div class=\"elementskit-menu-overlay elementskit-menu-offcanvas-elements elementskit-menu-toggler ekit-nav-menu--overlay\"><\/div>        <\/nav>\n\t\t\t\t\t\t<\/div>\n\t\t\t\t<\/div>\n\t\t\t\t<\/div>\n\t\t\t\t\t<\/div>\n\t\t\t\t<\/div>\n\t\t<div class=\"elementor-element elementor-element-43d1325 e-con-full e-flex e-con e-parent\" data-id=\"43d1325\" data-element_type=\"container\" data-e-type=\"container\">\n\t\t\t\t<div class=\"elementor-element elementor-element-90eb3b8 elementor-widget elementor-widget-image\" data-id=\"90eb3b8\" data-element_type=\"widget\" data-e-type=\"widget\" data-widget_type=\"image.default\">\n\t\t\t\t<div class=\"elementor-widget-container\">\n\t\t\t\t\t\t\t\t\t\t\t\t\t\t\t<img decoding=\"async\" width=\"1774\" height=\"924\" src=\"https:\/\/montrealcondominio.com.br\/montreal\/wp-content\/uploads\/2024\/07\/BANFF.png\" class=\"attachment-full size-full wp-image-705\" alt=\"\" srcset=\"https:\/\/montrealcondominio.com.br\/montreal\/wp-content\/uploads\/2024\/07\/BANFF.png 1774w, https:\/\/montrealcondominio.com.br\/montreal\/wp-content\/uploads\/2024\/07\/BANFF-300x156.png 300w, https:\/\/montrealcondominio.com.br\/montreal\/wp-content\/uploads\/2024\/07\/BANFF-1024x533.png 1024w, https:\/\/montrealcondominio.com.br\/montreal\/wp-content\/uploads\/2024\/07\/BANFF-768x400.png 768w, https:\/\/montrealcondominio.com.br\/montreal\/wp-content\/uploads\/2024\/07\/BANFF-1536x800.png 1536w, https:\/\/montrealcondominio.com.br\/montreal\/wp-content\/uploads\/2024\/07\/BANFF-1152x600.png 1152w, https:\/\/montrealcondominio.com.br\/montreal\/wp-content\/uploads\/2024\/07\/BANFF-496x258.png 496w, https:\/\/montrealcondominio.com.br\/montreal\/wp-content\/uploads\/2024\/07\/elementor\/thumbs\/BANFF-150x150.png 1920w\" sizes=\"(max-width: 1774px) 100vw, 1774px\" \/>\t\t\t\t\t\t\t\t\t\t\t\t\t\t\t<\/div>\n\t\t\t\t<\/div>\n\t\t<div class=\"elementor-element elementor-element-fb4f325 e-con-full e-flex e-con e-child\" data-id=\"fb4f325\" data-element_type=\"container\" data-e-type=\"container\">\n\t\t\t\t<div class=\"elementor-element elementor-element-96eafbf elementor-widget elementor-widget-spacer\" data-id=\"96eafbf\" data-element_type=\"widget\" data-e-type=\"widget\" data-widget_type=\"spacer.default\">\n\t\t\t\t<div class=\"elementor-widget-container\">\n\t\t\t\t\t\t\t<div class=\"elementor-spacer\">\n\t\t\t<div class=\"elementor-spacer-inner\"><\/div>\n\t\t<\/div>\n\t\t\t\t\t\t<\/div>\n\t\t\t\t<\/div>\n\t\t\t\t<div class=\"elementor-element elementor-element-26ade29 elementor-widget elementor-widget-html\" data-id=\"26ade29\" data-element_type=\"widget\" data-e-type=\"widget\" data-widget_type=\"html.default\">\n\t\t\t\t<div class=\"elementor-widget-container\">\n\t\t\t\t\t<iframe style=\"border: 0;\" src=\"https:\/\/montrealcondominio.com.br\/tour\/casas\/\" width=\"80%\" height=\"700px\" frameborder=\"0\"><\/iframe>\t\t\t\t<\/div>\n\t\t\t\t<\/div>\n\t\t\t\t<div class=\"elementor-element elementor-element-e9be76b elementor-widget elementor-widget-heading\" data-id=\"e9be76b\" data-element_type=\"widget\" data-e-type=\"widget\" data-widget_type=\"heading.default\">\n\t\t\t\t<div class=\"elementor-widget-container\">\n\t\t\t\t\t<h2 class=\"elementor-heading-title elementor-size-default\">PLANTA<\/h2>\t\t\t\t<\/div>\n\t\t\t\t<\/div>\n\t\t\t\t<div class=\"elementor-element elementor-element-bebdb2e elementor-widget elementor-widget-image\" data-id=\"bebdb2e\" data-element_type=\"widget\" data-e-type=\"widget\" data-widget_type=\"image.default\">\n\t\t\t\t<div class=\"elementor-widget-container\">\n\t\t\t\t\t\t\t\t\t\t\t\t\t\t\t<img decoding=\"async\" width=\"803\" height=\"1024\" src=\"https:\/\/montrealcondominio.com.br\/montreal\/wp-content\/uploads\/2024\/07\/PLANTA-3-803x1024.png\" class=\"attachment-large size-large wp-image-666\" alt=\"\" srcset=\"https:\/\/montrealcondominio.com.br\/montreal\/wp-content\/uploads\/2024\/07\/PLANTA-3-803x1024.png 803w, https:\/\/montrealcondominio.com.br\/montreal\/wp-content\/uploads\/2024\/07\/PLANTA-3-235x300.png 235w, https:\/\/montrealcondominio.com.br\/montreal\/wp-content\/uploads\/2024\/07\/PLANTA-3-768x980.png 768w, https:\/\/montrealcondominio.com.br\/montreal\/wp-content\/uploads\/2024\/07\/PLANTA-3-1204x1536.png 1204w, https:\/\/montrealcondominio.com.br\/montreal\/wp-content\/uploads\/2024\/07\/PLANTA-3-470x600.png 470w, https:\/\/montrealcondominio.com.br\/montreal\/wp-content\/uploads\/2024\/07\/PLANTA-3-496x633.png 496w, https:\/\/montrealcondominio.com.br\/montreal\/wp-content\/uploads\/2024\/07\/PLANTA-3.png 1339w\" sizes=\"(max-width: 803px) 100vw, 803px\" \/>\t\t\t\t\t\t\t\t\t\t\t\t\t\t\t<\/div>\n\t\t\t\t<\/div>\n\t\t\t\t<\/div>\n\t\t\t\t<\/div>\n\t\t\t\t<\/div>\n\t\t","protected":false},"excerpt":{"rendered":"<p>In\u00edcio Condom\u00ednio Tour Virtual Escolha seu Lote Casas Regina Hamilton Vancouver Kingston Banff \u00c1rea do Corretor Contato X PLANTA<\/p>\n","protected":false},"author":1,"featured_media":0,"parent":0,"menu_order":0,"comment_status":"closed","ping_status":"closed","template":"elementor_canvas","meta":{"content-type":"","footnotes":""},"class_list":["post-397","page","type-page","status-publish","hentry"],"_links":{"self":[{"href":"https:\/\/montrealcondominio.com.br\/montreal\/wp-json\/wp\/v2\/pages\/397","targetHints":{"allow":["GET"]}}],"collection":[{"href":"https:\/\/montrealcondominio.com.br\/montreal\/wp-json\/wp\/v2\/pages"}],"about":[{"href":"https:\/\/montrealcondominio.com.br\/montreal\/wp-json\/wp\/v2\/types\/page"}],"author":[{"embeddable":true,"href":"https:\/\/montrealcondominio.com.br\/montreal\/wp-json\/wp\/v2\/users\/1"}],"replies":[{"embeddable":true,"href":"https:\/\/montrealcondominio.com.br\/montreal\/wp-json\/wp\/v2\/comments?post=397"}],"version-history":[{"count":22,"href":"https:\/\/montrealcondominio.com.br\/montreal\/wp-json\/wp\/v2\/pages\/397\/revisions"}],"predecessor-version":[{"id":708,"href":"https:\/\/montrealcondominio.com.br\/montreal\/wp-json\/wp\/v2\/pages\/397\/revisions\/708"}],"wp:attachment":[{"href":"https:\/\/montrealcondominio.com.br\/montreal\/wp-json\/wp\/v2\/media?parent=397"}],"curies":[{"name":"wp","href":"https:\/\/api.w.org\/{rel}","templated":true}]}}