{"id":130,"date":"2024-02-06T20:10:53","date_gmt":"2024-02-06T20:10:53","guid":{"rendered":"http:\/\/montreal.local\/?page_id=130"},"modified":"2024-07-26T17:24:36","modified_gmt":"2024-07-26T17:24:36","slug":"kingston","status":"publish","type":"page","link":"https:\/\/montrealcondominio.com.br\/montreal\/kingston\/","title":{"rendered":"Kingston"},"content":{"rendered":"\t\t<div data-elementor-type=\"wp-page\" data-elementor-id=\"130\" class=\"elementor elementor-130\" data-elementor-post-type=\"page\">\n\t\t\t\t<div class=\"elementor-element elementor-element-e1eb066 e-flex e-con-boxed e-con e-parent\" data-id=\"e1eb066\" data-element_type=\"container\" data-e-type=\"container\">\n\t\t\t\t\t<div class=\"e-con-inner\">\n\t\t<div class=\"elementor-element elementor-element-482a561 e-con-full e-flex e-con e-child\" data-id=\"482a561\" data-element_type=\"container\" data-e-type=\"container\">\n\t\t\t\t<div class=\"elementor-element elementor-element-43e549d elementor-widget__width-initial elementor-widget elementor-widget-image\" data-id=\"43e549d\" data-element_type=\"widget\" data-e-type=\"widget\" data-widget_type=\"image.default\">\n\t\t\t\t<div class=\"elementor-widget-container\">\n\t\t\t\t\t\t\t\t\t\t\t\t\t\t\t<img fetchpriority=\"high\" decoding=\"async\" width=\"300\" height=\"300\" src=\"https:\/\/montrealcondominio.com.br\/montreal\/wp-content\/uploads\/2024\/02\/LOGO-VETORIZACAO-300x300.png\" class=\"attachment-medium size-medium wp-image-172\" alt=\"\" srcset=\"https:\/\/montrealcondominio.com.br\/montreal\/wp-content\/uploads\/2024\/02\/LOGO-VETORIZACAO-300x300.png 300w, https:\/\/montrealcondominio.com.br\/montreal\/wp-content\/uploads\/2024\/02\/LOGO-VETORIZACAO-1024x1024.png 1024w, https:\/\/montrealcondominio.com.br\/montreal\/wp-content\/uploads\/2024\/02\/LOGO-VETORIZACAO-150x150.png 150w, https:\/\/montrealcondominio.com.br\/montreal\/wp-content\/uploads\/2024\/02\/LOGO-VETORIZACAO-768x768.png 768w, https:\/\/montrealcondominio.com.br\/montreal\/wp-content\/uploads\/2024\/02\/LOGO-VETORIZACAO-1536x1536.png 1536w, https:\/\/montrealcondominio.com.br\/montreal\/wp-content\/uploads\/2024\/02\/LOGO-VETORIZACAO-2048x2048.png 2048w, https:\/\/montrealcondominio.com.br\/montreal\/wp-content\/uploads\/2024\/02\/elementor\/thumbs\/LOGO-VETORIZACAO-qjfg16nkysod21yydc42hgrwpy0dngpd186tmofhg4.png 450w\" sizes=\"(max-width: 300px) 100vw, 300px\" \/>\t\t\t\t\t\t\t\t\t\t\t\t\t\t\t<\/div>\n\t\t\t\t<\/div>\n\t\t\t\t<\/div>\n\t\t<div class=\"elementor-element elementor-element-b42cf17 e-con-full e-flex e-con e-child\" data-id=\"b42cf17\" data-element_type=\"container\" data-e-type=\"container\">\n\t\t\t\t<div class=\"elementor-element elementor-element-115723c elementor-widget elementor-widget-ekit-nav-menu\" data-id=\"115723c\" data-element_type=\"widget\" data-e-type=\"widget\" data-widget_type=\"ekit-nav-menu.default\">\n\t\t\t\t<div class=\"elementor-widget-container\">\n\t\t\t\t\t\t\t<nav class=\"ekit-wid-con ekit_menu_responsive_tablet\"\n\t\t\tdata-hamburger-icon=\"\"\n\t\t\tdata-hamburger-icon-type=\"icon\"\n\t\t\tdata-responsive-breakpoint=\"1024\">\n\t\t\t            <button class=\"elementskit-menu-hamburger elementskit-menu-toggler\"  type=\"button\" aria-label=\"hamburger-icon\">\n                                    <span class=\"elementskit-menu-hamburger-icon\"><\/span><span class=\"elementskit-menu-hamburger-icon\"><\/span><span class=\"elementskit-menu-hamburger-icon\"><\/span>\n                            <\/button>\n            <div id=\"ekit-megamenu-menu\" class=\"elementskit-menu-container elementskit-menu-offcanvas-elements elementskit-navbar-nav-default ekit-nav-menu-one-page-no ekit-nav-dropdown-hover\"><ul id=\"menu-menu\" class=\"elementskit-navbar-nav elementskit-menu-po-center submenu-click-on-icon\"><li id=\"menu-item-268\" class=\"menu-item menu-item-type-post_type menu-item-object-page menu-item-home menu-item-268 nav-item elementskit-mobile-builder-content\" data-vertical-menu=750px><a href=\"https:\/\/montrealcondominio.com.br\/montreal\/\" class=\"ekit-menu-nav-link\">In\u00edcio<\/a><\/li>\n<li id=\"menu-item-78\" class=\"menu-item menu-item-type-post_type menu-item-object-page menu-item-78 nav-item elementskit-mobile-builder-content\" data-vertical-menu=750px><a href=\"https:\/\/montrealcondominio.com.br\/montreal\/condominio\/\" class=\"ekit-menu-nav-link\">Condom\u00ednio<\/a><\/li>\n<li id=\"menu-item-483\" class=\"menu-item menu-item-type-post_type menu-item-object-page menu-item-483 nav-item elementskit-mobile-builder-content\" data-vertical-menu=750px><a href=\"https:\/\/montrealcondominio.com.br\/montreal\/tour-virtual\/\" class=\"ekit-menu-nav-link\">Tour Virtual<\/a><\/li>\n<li id=\"menu-item-519\" class=\"menu-item menu-item-type-custom menu-item-object-custom menu-item-519 nav-item elementskit-mobile-builder-content\" data-vertical-menu=750px><a href=\"https:\/\/masterplan-montreal-rraq.onrender.com\/\" class=\"ekit-menu-nav-link\">Escolha seu Lote<\/a><\/li>\n<li id=\"menu-item-77\" class=\"menu-item menu-item-type-post_type menu-item-object-page menu-item-has-children menu-item-77 nav-item elementskit-dropdown-has relative_position elementskit-dropdown-menu-default_width elementskit-mobile-builder-content\" data-vertical-menu=750px><a href=\"https:\/\/montrealcondominio.com.br\/montreal\/regina\/casas\/\" class=\"ekit-menu-nav-link ekit-menu-dropdown-toggle\">Casas<i aria-hidden=\"true\" class=\"icon icon-down-arrow1 elementskit-submenu-indicator\"><\/i><\/a>\n<ul class=\"elementskit-dropdown elementskit-submenu-panel\">\n\t<li id=\"menu-item-137\" class=\"menu-item menu-item-type-post_type menu-item-object-page menu-item-137 nav-item elementskit-mobile-builder-content\" data-vertical-menu=750px><a href=\"https:\/\/montrealcondominio.com.br\/montreal\/regina\/\" class=\" dropdown-item\">Regina<\/a>\t<li id=\"menu-item-139\" class=\"menu-item menu-item-type-post_type menu-item-object-page menu-item-139 nav-item elementskit-mobile-builder-content\" data-vertical-menu=750px><a href=\"https:\/\/montrealcondominio.com.br\/montreal\/hamilton\/\" class=\" dropdown-item\">Hamilton<\/a>\t<li id=\"menu-item-136\" class=\"menu-item menu-item-type-post_type menu-item-object-page menu-item-136 nav-item elementskit-mobile-builder-content\" data-vertical-menu=750px><a href=\"https:\/\/montrealcondominio.com.br\/montreal\/vancouver\/\" class=\" dropdown-item\">Vancouver<\/a>\t<li id=\"menu-item-138\" class=\"menu-item menu-item-type-post_type menu-item-object-page menu-item-138 nav-item elementskit-mobile-builder-content\" data-vertical-menu=750px><a href=\"https:\/\/montrealcondominio.com.br\/montreal\/kingston\/\" class=\" dropdown-item\">Kingston<\/a>\t<li id=\"menu-item-399\" class=\"menu-item menu-item-type-post_type menu-item-object-page menu-item-399 nav-item elementskit-mobile-builder-content\" data-vertical-menu=750px><a href=\"https:\/\/montrealcondominio.com.br\/montreal\/banff\/\" class=\" dropdown-item\">Banff<\/a><\/ul>\n<\/li>\n<li id=\"menu-item-195\" class=\"menu-item menu-item-type-custom menu-item-object-custom menu-item-195 nav-item elementskit-mobile-builder-content\" data-vertical-menu=750px><a href=\"http:\/\/intranet.solinvestimentos.com:9898\/reservas\/\" class=\"ekit-menu-nav-link\">\u00c1rea do Corretor<\/a><\/li>\n<li id=\"menu-item-81\" class=\"menu-item menu-item-type-post_type menu-item-object-page menu-item-81 nav-item elementskit-mobile-builder-content\" data-vertical-menu=750px><a href=\"https:\/\/montrealcondominio.com.br\/montreal\/contato\/\" class=\"ekit-menu-nav-link\">Contato<\/a><\/li>\n<\/ul><div class=\"elementskit-nav-identity-panel\"><button class=\"elementskit-menu-close elementskit-menu-toggler\" type=\"button\">X<\/button><\/div><\/div>\n\t\t\t<div class=\"elementskit-menu-overlay elementskit-menu-offcanvas-elements elementskit-menu-toggler ekit-nav-menu--overlay\"><\/div>        <\/nav>\n\t\t\t\t\t\t<\/div>\n\t\t\t\t<\/div>\n\t\t\t\t<\/div>\n\t\t\t\t\t<\/div>\n\t\t\t\t<\/div>\n\t\t<div class=\"elementor-element elementor-element-7ba924d e-con-full e-flex e-con e-parent\" data-id=\"7ba924d\" data-element_type=\"container\" data-e-type=\"container\">\n\t\t\t\t<div class=\"elementor-element elementor-element-bb30038 elementor-widget elementor-widget-image\" data-id=\"bb30038\" data-element_type=\"widget\" data-e-type=\"widget\" data-widget_type=\"image.default\">\n\t\t\t\t<div class=\"elementor-widget-container\">\n\t\t\t\t\t\t\t\t\t\t\t\t\t\t\t<img decoding=\"async\" width=\"1774\" height=\"924\" src=\"https:\/\/montrealcondominio.com.br\/montreal\/wp-content\/uploads\/2024\/07\/KINGSTON.png\" class=\"attachment-full size-full wp-image-701\" alt=\"\" srcset=\"https:\/\/montrealcondominio.com.br\/montreal\/wp-content\/uploads\/2024\/07\/KINGSTON.png 1774w, https:\/\/montrealcondominio.com.br\/montreal\/wp-content\/uploads\/2024\/07\/KINGSTON-300x156.png 300w, https:\/\/montrealcondominio.com.br\/montreal\/wp-content\/uploads\/2024\/07\/KINGSTON-1024x533.png 1024w, https:\/\/montrealcondominio.com.br\/montreal\/wp-content\/uploads\/2024\/07\/KINGSTON-768x400.png 768w, https:\/\/montrealcondominio.com.br\/montreal\/wp-content\/uploads\/2024\/07\/KINGSTON-1536x800.png 1536w, https:\/\/montrealcondominio.com.br\/montreal\/wp-content\/uploads\/2024\/07\/KINGSTON-1152x600.png 1152w, https:\/\/montrealcondominio.com.br\/montreal\/wp-content\/uploads\/2024\/07\/KINGSTON-496x258.png 496w, https:\/\/montrealcondominio.com.br\/montreal\/wp-content\/uploads\/2024\/07\/elementor\/thumbs\/KINGSTON-150x150.png 1920w\" sizes=\"(max-width: 1774px) 100vw, 1774px\" \/>\t\t\t\t\t\t\t\t\t\t\t\t\t\t\t<\/div>\n\t\t\t\t<\/div>\n\t\t\t\t<\/div>\n\t\t<div class=\"elementor-element elementor-element-7855258 e-con-full e-flex e-con e-child\" data-id=\"7855258\" data-element_type=\"container\" data-e-type=\"container\">\n\t\t\t\t<div class=\"elementor-element elementor-element-ae364df elementor-widget elementor-widget-spacer\" data-id=\"ae364df\" data-element_type=\"widget\" data-e-type=\"widget\" data-widget_type=\"spacer.default\">\n\t\t\t\t<div class=\"elementor-widget-container\">\n\t\t\t\t\t\t\t<div class=\"elementor-spacer\">\n\t\t\t<div class=\"elementor-spacer-inner\"><\/div>\n\t\t<\/div>\n\t\t\t\t\t\t<\/div>\n\t\t\t\t<\/div>\n\t\t\t\t<div class=\"elementor-element elementor-element-90c4ceb elementor-widget elementor-widget-html\" data-id=\"90c4ceb\" data-element_type=\"widget\" data-e-type=\"widget\" data-widget_type=\"html.default\">\n\t\t\t\t<div class=\"elementor-widget-container\">\n\t\t\t\t\t<iframe style=\"border: 0;\" src=\"https:\/\/montrealcondominio.com.br\/tour\/casas\/\" width=\"80%\" height=\"700px\" frameborder=\"0\"><\/iframe>\t\t\t\t<\/div>\n\t\t\t\t<\/div>\n\t\t\t\t<div class=\"elementor-element elementor-element-40de1b5 elementor-widget elementor-widget-heading\" data-id=\"40de1b5\" data-element_type=\"widget\" data-e-type=\"widget\" data-widget_type=\"heading.default\">\n\t\t\t\t<div class=\"elementor-widget-container\">\n\t\t\t\t\t<h2 class=\"elementor-heading-title elementor-size-default\">PLANTA<\/h2>\t\t\t\t<\/div>\n\t\t\t\t<\/div>\n\t\t\t\t<div class=\"elementor-element elementor-element-72af314 elementor-widget elementor-widget-image\" data-id=\"72af314\" data-element_type=\"widget\" data-e-type=\"widget\" data-widget_type=\"image.default\">\n\t\t\t\t<div class=\"elementor-widget-container\">\n\t\t\t\t\t\t\t\t\t\t\t\t\t\t\t<img decoding=\"async\" width=\"1006\" height=\"1024\" src=\"https:\/\/montrealcondominio.com.br\/montreal\/wp-content\/uploads\/2024\/07\/PLANTA-1-1006x1024.png\" class=\"attachment-large size-large wp-image-648\" alt=\"\" srcset=\"https:\/\/montrealcondominio.com.br\/montreal\/wp-content\/uploads\/2024\/07\/PLANTA-1-1006x1024.png 1006w, https:\/\/montrealcondominio.com.br\/montreal\/wp-content\/uploads\/2024\/07\/PLANTA-1-295x300.png 295w, https:\/\/montrealcondominio.com.br\/montreal\/wp-content\/uploads\/2024\/07\/PLANTA-1-768x782.png 768w, https:\/\/montrealcondominio.com.br\/montreal\/wp-content\/uploads\/2024\/07\/PLANTA-1-1509x1536.png 1509w, https:\/\/montrealcondominio.com.br\/montreal\/wp-content\/uploads\/2024\/07\/PLANTA-1-590x600.png 590w, https:\/\/montrealcondominio.com.br\/montreal\/wp-content\/uploads\/2024\/07\/PLANTA-1-496x505.png 496w, https:\/\/montrealcondominio.com.br\/montreal\/wp-content\/uploads\/2024\/07\/PLANTA-1.png 1629w\" sizes=\"(max-width: 1006px) 100vw, 1006px\" \/>\t\t\t\t\t\t\t\t\t\t\t\t\t\t\t<\/div>\n\t\t\t\t<\/div>\n\t\t\t\t<\/div>\n\t\t\t\t<\/div>\n\t\t","protected":false},"excerpt":{"rendered":"<p>In\u00edcio Condom\u00ednio Tour Virtual Escolha seu Lote Casas Regina Hamilton Vancouver Kingston Banff \u00c1rea do Corretor Contato X PLANTA<\/p>\n","protected":false},"author":1,"featured_media":0,"parent":0,"menu_order":0,"comment_status":"closed","ping_status":"closed","template":"elementor_canvas","meta":{"content-type":"","footnotes":""},"class_list":["post-130","page","type-page","status-publish","hentry"],"_links":{"self":[{"href":"https:\/\/montrealcondominio.com.br\/montreal\/wp-json\/wp\/v2\/pages\/130","targetHints":{"allow":["GET"]}}],"collection":[{"href":"https:\/\/montrealcondominio.com.br\/montreal\/wp-json\/wp\/v2\/pages"}],"about":[{"href":"https:\/\/montrealcondominio.com.br\/montreal\/wp-json\/wp\/v2\/types\/page"}],"author":[{"embeddable":true,"href":"https:\/\/montrealcondominio.com.br\/montreal\/wp-json\/wp\/v2\/users\/1"}],"replies":[{"embeddable":true,"href":"https:\/\/montrealcondominio.com.br\/montreal\/wp-json\/wp\/v2\/comments?post=130"}],"version-history":[{"count":28,"href":"https:\/\/montrealcondominio.com.br\/montreal\/wp-json\/wp\/v2\/pages\/130\/revisions"}],"predecessor-version":[{"id":704,"href":"https:\/\/montrealcondominio.com.br\/montreal\/wp-json\/wp\/v2\/pages\/130\/revisions\/704"}],"wp:attachment":[{"href":"https:\/\/montrealcondominio.com.br\/montreal\/wp-json\/wp\/v2\/media?parent=130"}],"curies":[{"name":"wp","href":"https:\/\/api.w.org\/{rel}","templated":true}]}}