{"id":128,"date":"2024-02-06T20:10:35","date_gmt":"2024-02-06T20:10:35","guid":{"rendered":"http:\/\/montreal.local\/?page_id=128"},"modified":"2024-07-26T17:17:09","modified_gmt":"2024-07-26T17:17:09","slug":"hamilton","status":"publish","type":"page","link":"https:\/\/montrealcondominio.com.br\/montreal\/hamilton\/","title":{"rendered":"Hamilton"},"content":{"rendered":"\t\t<div data-elementor-type=\"wp-page\" data-elementor-id=\"128\" class=\"elementor elementor-128\" data-elementor-post-type=\"page\">\n\t\t\t\t<div class=\"elementor-element elementor-element-ae35eb6 e-flex e-con-boxed e-con e-parent\" data-id=\"ae35eb6\" data-element_type=\"container\" data-e-type=\"container\">\n\t\t\t\t\t<div class=\"e-con-inner\">\n\t\t<div class=\"elementor-element elementor-element-d74bcbf e-con-full e-flex e-con e-child\" data-id=\"d74bcbf\" data-element_type=\"container\" data-e-type=\"container\">\n\t\t\t\t<div class=\"elementor-element elementor-element-970111d elementor-widget__width-initial elementor-widget elementor-widget-image\" data-id=\"970111d\" data-element_type=\"widget\" data-e-type=\"widget\" data-widget_type=\"image.default\">\n\t\t\t\t<div class=\"elementor-widget-container\">\n\t\t\t\t\t\t\t\t\t\t\t\t\t\t\t<img fetchpriority=\"high\" decoding=\"async\" width=\"300\" height=\"300\" src=\"https:\/\/montrealcondominio.com.br\/montreal\/wp-content\/uploads\/2024\/02\/LOGO-VETORIZACAO-300x300.png\" class=\"attachment-medium size-medium wp-image-172\" alt=\"\" srcset=\"https:\/\/montrealcondominio.com.br\/montreal\/wp-content\/uploads\/2024\/02\/LOGO-VETORIZACAO-300x300.png 300w, https:\/\/montrealcondominio.com.br\/montreal\/wp-content\/uploads\/2024\/02\/LOGO-VETORIZACAO-1024x1024.png 1024w, https:\/\/montrealcondominio.com.br\/montreal\/wp-content\/uploads\/2024\/02\/LOGO-VETORIZACAO-150x150.png 150w, https:\/\/montrealcondominio.com.br\/montreal\/wp-content\/uploads\/2024\/02\/LOGO-VETORIZACAO-768x768.png 768w, https:\/\/montrealcondominio.com.br\/montreal\/wp-content\/uploads\/2024\/02\/LOGO-VETORIZACAO-1536x1536.png 1536w, https:\/\/montrealcondominio.com.br\/montreal\/wp-content\/uploads\/2024\/02\/LOGO-VETORIZACAO-2048x2048.png 2048w, https:\/\/montrealcondominio.com.br\/montreal\/wp-content\/uploads\/2024\/02\/elementor\/thumbs\/LOGO-VETORIZACAO-qjfg16nkysod21yydc42hgrwpy0dngpd186tmofhg4.png 450w\" sizes=\"(max-width: 300px) 100vw, 300px\" \/>\t\t\t\t\t\t\t\t\t\t\t\t\t\t\t<\/div>\n\t\t\t\t<\/div>\n\t\t\t\t<\/div>\n\t\t<div class=\"elementor-element elementor-element-99beb3b e-con-full e-flex e-con e-child\" data-id=\"99beb3b\" data-element_type=\"container\" data-e-type=\"container\">\n\t\t\t\t<div class=\"elementor-element elementor-element-4784729 elementor-widget elementor-widget-ekit-nav-menu\" data-id=\"4784729\" data-element_type=\"widget\" data-e-type=\"widget\" data-widget_type=\"ekit-nav-menu.default\">\n\t\t\t\t<div class=\"elementor-widget-container\">\n\t\t\t\t\t\t\t<nav class=\"ekit-wid-con ekit_menu_responsive_tablet\"\n\t\t\tdata-hamburger-icon=\"\"\n\t\t\tdata-hamburger-icon-type=\"icon\"\n\t\t\tdata-responsive-breakpoint=\"1024\">\n\t\t\t            <button class=\"elementskit-menu-hamburger elementskit-menu-toggler\"  type=\"button\" aria-label=\"hamburger-icon\">\n                                    <span class=\"elementskit-menu-hamburger-icon\"><\/span><span class=\"elementskit-menu-hamburger-icon\"><\/span><span class=\"elementskit-menu-hamburger-icon\"><\/span>\n                            <\/button>\n            <div id=\"ekit-megamenu-menu\" class=\"elementskit-menu-container elementskit-menu-offcanvas-elements elementskit-navbar-nav-default ekit-nav-menu-one-page-no ekit-nav-dropdown-hover\"><ul id=\"menu-menu\" class=\"elementskit-navbar-nav elementskit-menu-po-center submenu-click-on-icon\"><li id=\"menu-item-268\" class=\"menu-item menu-item-type-post_type menu-item-object-page menu-item-home menu-item-268 nav-item elementskit-mobile-builder-content\" data-vertical-menu=750px><a href=\"https:\/\/montrealcondominio.com.br\/montreal\/\" class=\"ekit-menu-nav-link\">In\u00edcio<\/a><\/li>\n<li id=\"menu-item-78\" class=\"menu-item menu-item-type-post_type menu-item-object-page menu-item-78 nav-item elementskit-mobile-builder-content\" data-vertical-menu=750px><a href=\"https:\/\/montrealcondominio.com.br\/montreal\/condominio\/\" class=\"ekit-menu-nav-link\">Condom\u00ednio<\/a><\/li>\n<li id=\"menu-item-483\" class=\"menu-item menu-item-type-post_type menu-item-object-page menu-item-483 nav-item elementskit-mobile-builder-content\" data-vertical-menu=750px><a href=\"https:\/\/montrealcondominio.com.br\/montreal\/tour-virtual\/\" class=\"ekit-menu-nav-link\">Tour Virtual<\/a><\/li>\n<li id=\"menu-item-519\" class=\"menu-item menu-item-type-custom menu-item-object-custom menu-item-519 nav-item elementskit-mobile-builder-content\" data-vertical-menu=750px><a href=\"https:\/\/masterplan-montreal-rraq.onrender.com\/\" class=\"ekit-menu-nav-link\">Escolha seu Lote<\/a><\/li>\n<li id=\"menu-item-77\" class=\"menu-item menu-item-type-post_type menu-item-object-page menu-item-has-children menu-item-77 nav-item elementskit-dropdown-has relative_position elementskit-dropdown-menu-default_width elementskit-mobile-builder-content\" data-vertical-menu=750px><a href=\"https:\/\/montrealcondominio.com.br\/montreal\/regina\/casas\/\" class=\"ekit-menu-nav-link ekit-menu-dropdown-toggle\">Casas<i aria-hidden=\"true\" class=\"icon icon-down-arrow1 elementskit-submenu-indicator\"><\/i><\/a>\n<ul class=\"elementskit-dropdown elementskit-submenu-panel\">\n\t<li id=\"menu-item-137\" class=\"menu-item menu-item-type-post_type menu-item-object-page menu-item-137 nav-item elementskit-mobile-builder-content\" data-vertical-menu=750px><a href=\"https:\/\/montrealcondominio.com.br\/montreal\/regina\/\" class=\" dropdown-item\">Regina<\/a>\t<li id=\"menu-item-139\" class=\"menu-item menu-item-type-post_type menu-item-object-page menu-item-139 nav-item elementskit-mobile-builder-content\" data-vertical-menu=750px><a href=\"https:\/\/montrealcondominio.com.br\/montreal\/hamilton\/\" class=\" dropdown-item\">Hamilton<\/a>\t<li id=\"menu-item-136\" class=\"menu-item menu-item-type-post_type menu-item-object-page menu-item-136 nav-item elementskit-mobile-builder-content\" data-vertical-menu=750px><a href=\"https:\/\/montrealcondominio.com.br\/montreal\/vancouver\/\" class=\" dropdown-item\">Vancouver<\/a>\t<li id=\"menu-item-138\" class=\"menu-item menu-item-type-post_type menu-item-object-page menu-item-138 nav-item elementskit-mobile-builder-content\" data-vertical-menu=750px><a href=\"https:\/\/montrealcondominio.com.br\/montreal\/kingston\/\" class=\" dropdown-item\">Kingston<\/a>\t<li id=\"menu-item-399\" class=\"menu-item menu-item-type-post_type menu-item-object-page menu-item-399 nav-item elementskit-mobile-builder-content\" data-vertical-menu=750px><a href=\"https:\/\/montrealcondominio.com.br\/montreal\/banff\/\" class=\" dropdown-item\">Banff<\/a><\/ul>\n<\/li>\n<li id=\"menu-item-195\" class=\"menu-item menu-item-type-custom menu-item-object-custom menu-item-195 nav-item elementskit-mobile-builder-content\" data-vertical-menu=750px><a href=\"http:\/\/intranet.solinvestimentos.com:9898\/reservas\/\" class=\"ekit-menu-nav-link\">\u00c1rea do Corretor<\/a><\/li>\n<li id=\"menu-item-81\" class=\"menu-item menu-item-type-post_type menu-item-object-page menu-item-81 nav-item elementskit-mobile-builder-content\" data-vertical-menu=750px><a href=\"https:\/\/montrealcondominio.com.br\/montreal\/contato\/\" class=\"ekit-menu-nav-link\">Contato<\/a><\/li>\n<\/ul><div class=\"elementskit-nav-identity-panel\"><button class=\"elementskit-menu-close elementskit-menu-toggler\" type=\"button\">X<\/button><\/div><\/div>\n\t\t\t<div class=\"elementskit-menu-overlay elementskit-menu-offcanvas-elements elementskit-menu-toggler ekit-nav-menu--overlay\"><\/div>        <\/nav>\n\t\t\t\t\t\t<\/div>\n\t\t\t\t<\/div>\n\t\t\t\t<\/div>\n\t\t\t\t\t<\/div>\n\t\t\t\t<\/div>\n\t\t<div class=\"elementor-element elementor-element-bad9e78 e-con-full e-flex e-con e-parent\" data-id=\"bad9e78\" data-element_type=\"container\" data-e-type=\"container\">\n\t\t\t\t<div class=\"elementor-element elementor-element-4c6064e elementor-widget elementor-widget-image\" data-id=\"4c6064e\" data-element_type=\"widget\" data-e-type=\"widget\" data-widget_type=\"image.default\">\n\t\t\t\t<div class=\"elementor-widget-container\">\n\t\t\t\t\t\t\t\t\t\t\t\t\t\t\t<img decoding=\"async\" width=\"1774\" height=\"924\" src=\"https:\/\/montrealcondominio.com.br\/montreal\/wp-content\/uploads\/2024\/07\/imagem_2024-07-26_133924072.png\" class=\"attachment-full size-full wp-image-688\" alt=\"\" srcset=\"https:\/\/montrealcondominio.com.br\/montreal\/wp-content\/uploads\/2024\/07\/imagem_2024-07-26_133924072.png 1774w, https:\/\/montrealcondominio.com.br\/montreal\/wp-content\/uploads\/2024\/07\/imagem_2024-07-26_133924072-300x156.png 300w, https:\/\/montrealcondominio.com.br\/montreal\/wp-content\/uploads\/2024\/07\/imagem_2024-07-26_133924072-1024x533.png 1024w, https:\/\/montrealcondominio.com.br\/montreal\/wp-content\/uploads\/2024\/07\/imagem_2024-07-26_133924072-768x400.png 768w, https:\/\/montrealcondominio.com.br\/montreal\/wp-content\/uploads\/2024\/07\/imagem_2024-07-26_133924072-1536x800.png 1536w, https:\/\/montrealcondominio.com.br\/montreal\/wp-content\/uploads\/2024\/07\/imagem_2024-07-26_133924072-1152x600.png 1152w, https:\/\/montrealcondominio.com.br\/montreal\/wp-content\/uploads\/2024\/07\/imagem_2024-07-26_133924072-496x258.png 496w, https:\/\/montrealcondominio.com.br\/montreal\/wp-content\/uploads\/2024\/07\/elementor\/thumbs\/imagem_2024-07-26_133924072-150x150.png 1920w\" sizes=\"(max-width: 1774px) 100vw, 1774px\" \/>\t\t\t\t\t\t\t\t\t\t\t\t\t\t\t<\/div>\n\t\t\t\t<\/div>\n\t\t<div class=\"elementor-element elementor-element-c41e698 e-con-full e-flex e-con e-child\" data-id=\"c41e698\" data-element_type=\"container\" data-e-type=\"container\">\n\t\t\t\t<div class=\"elementor-element elementor-element-84075c5 elementor-widget elementor-widget-spacer\" data-id=\"84075c5\" data-element_type=\"widget\" data-e-type=\"widget\" data-widget_type=\"spacer.default\">\n\t\t\t\t<div class=\"elementor-widget-container\">\n\t\t\t\t\t\t\t<div class=\"elementor-spacer\">\n\t\t\t<div class=\"elementor-spacer-inner\"><\/div>\n\t\t<\/div>\n\t\t\t\t\t\t<\/div>\n\t\t\t\t<\/div>\n\t\t\t\t<div class=\"elementor-element elementor-element-5d0f883 elementor-widget elementor-widget-html\" data-id=\"5d0f883\" data-element_type=\"widget\" data-e-type=\"widget\" data-widget_type=\"html.default\">\n\t\t\t\t<div class=\"elementor-widget-container\">\n\t\t\t\t\t<iframe style=\"border: 0;\" src=\"https:\/\/montrealcondominio.com.br\/tour\/casas\/\" width=\"80%\" height=\"700px\" frameborder=\"0\"><\/iframe>\t\t\t\t<\/div>\n\t\t\t\t<\/div>\n\t\t\t\t<div class=\"elementor-element elementor-element-0b45d3a elementor-widget elementor-widget-heading\" data-id=\"0b45d3a\" data-element_type=\"widget\" data-e-type=\"widget\" data-widget_type=\"heading.default\">\n\t\t\t\t<div class=\"elementor-widget-container\">\n\t\t\t\t\t<h2 class=\"elementor-heading-title elementor-size-default\">PLANTA<\/h2>\t\t\t\t<\/div>\n\t\t\t\t<\/div>\n\t\t\t\t<div class=\"elementor-element elementor-element-5372520 elementor-widget elementor-widget-image\" data-id=\"5372520\" data-element_type=\"widget\" data-e-type=\"widget\" data-widget_type=\"image.default\">\n\t\t\t\t<div class=\"elementor-widget-container\">\n\t\t\t\t\t\t\t\t\t\t\t\t\t\t\t<img decoding=\"async\" width=\"1024\" height=\"1020\" src=\"https:\/\/montrealcondominio.com.br\/montreal\/wp-content\/uploads\/2024\/07\/PLANATA-1-1024x1020.png\" class=\"attachment-large size-large wp-image-653\" alt=\"\" srcset=\"https:\/\/montrealcondominio.com.br\/montreal\/wp-content\/uploads\/2024\/07\/PLANATA-1-1024x1020.png 1024w, https:\/\/montrealcondominio.com.br\/montreal\/wp-content\/uploads\/2024\/07\/PLANATA-1-300x300.png 300w, https:\/\/montrealcondominio.com.br\/montreal\/wp-content\/uploads\/2024\/07\/PLANATA-1-150x150.png 150w, https:\/\/montrealcondominio.com.br\/montreal\/wp-content\/uploads\/2024\/07\/PLANATA-1-768x765.png 768w, https:\/\/montrealcondominio.com.br\/montreal\/wp-content\/uploads\/2024\/07\/PLANATA-1-1536x1530.png 1536w, https:\/\/montrealcondominio.com.br\/montreal\/wp-content\/uploads\/2024\/07\/PLANATA-1-602x600.png 602w, https:\/\/montrealcondominio.com.br\/montreal\/wp-content\/uploads\/2024\/07\/PLANATA-1-496x494.png 496w, https:\/\/montrealcondominio.com.br\/montreal\/wp-content\/uploads\/2024\/07\/PLANATA-1.png 1641w\" sizes=\"(max-width: 1024px) 100vw, 1024px\" \/>\t\t\t\t\t\t\t\t\t\t\t\t\t\t\t<\/div>\n\t\t\t\t<\/div>\n\t\t\t\t<\/div>\n\t\t\t\t<\/div>\n\t\t\t\t<\/div>\n\t\t","protected":false},"excerpt":{"rendered":"<p>In\u00edcio Condom\u00ednio Tour Virtual Escolha seu Lote Casas Regina Hamilton Vancouver Kingston Banff \u00c1rea do Corretor Contato X PLANTA<\/p>\n","protected":false},"author":1,"featured_media":0,"parent":0,"menu_order":0,"comment_status":"closed","ping_status":"closed","template":"elementor_canvas","meta":{"content-type":"","footnotes":""},"class_list":["post-128","page","type-page","status-publish","hentry"],"_links":{"self":[{"href":"https:\/\/montrealcondominio.com.br\/montreal\/wp-json\/wp\/v2\/pages\/128","targetHints":{"allow":["GET"]}}],"collection":[{"href":"https:\/\/montrealcondominio.com.br\/montreal\/wp-json\/wp\/v2\/pages"}],"about":[{"href":"https:\/\/montrealcondominio.com.br\/montreal\/wp-json\/wp\/v2\/types\/page"}],"author":[{"embeddable":true,"href":"https:\/\/montrealcondominio.com.br\/montreal\/wp-json\/wp\/v2\/users\/1"}],"replies":[{"embeddable":true,"href":"https:\/\/montrealcondominio.com.br\/montreal\/wp-json\/wp\/v2\/comments?post=128"}],"version-history":[{"count":34,"href":"https:\/\/montrealcondominio.com.br\/montreal\/wp-json\/wp\/v2\/pages\/128\/revisions"}],"predecessor-version":[{"id":696,"href":"https:\/\/montrealcondominio.com.br\/montreal\/wp-json\/wp\/v2\/pages\/128\/revisions\/696"}],"wp:attachment":[{"href":"https:\/\/montrealcondominio.com.br\/montreal\/wp-json\/wp\/v2\/media?parent=128"}],"curies":[{"name":"wp","href":"https:\/\/api.w.org\/{rel}","templated":true}]}}